{"id":296,"date":"2019-02-25T12:37:08","date_gmt":"2019-02-25T12:37:08","guid":{"rendered":"https:\/\/santosexavier.com.br\/?page_id=296"},"modified":"2026-01-07T01:45:18","modified_gmt":"2026-01-07T04:45:18","slug":"about","status":"publish","type":"page","link":"https:\/\/santosexavier.com.br\/?page_id=296","title":{"rendered":"About"},"content":{"rendered":"\n\n\t\t\t<h1>\n\t\t\t\t\tSobre N\u00f3s\n\t\t\t\t<\/h1>\n\t\t\t<h6>\n\t\t\t\t\tCurta Hist\u00f3ria\n\t\t\t\t<\/h6>\n\t\t\t<h2>\n\t\t\t\t\tRicardo e Felipe\n\t\t\t\t<\/h2>\n\t\t\tFundado em 2020 na cidade de S\u00e3o Paulo, o escrit\u00f3rio <b data-path-to-node=\"6,0\" data-index-in-node=\"54\">Santos &amp; Xavier<\/b> nasceu com o prop\u00f3sito de garantir os direitos de aposentados e pensionistas portadores de mol\u00e9stias graves. Idealizado em meio \u00e0 pandemia, nosso atendimento foi estruturado utilizando os canais digitais oficiais da Receita Federal, das Fontes Pagadoras e do Judici\u00e1rio para oferecer um suporte completo \u00e0 dist\u00e2ncia, garantindo que voc\u00ea resolva tudo com conforto e sem burocracia.\n\u00a0\nNossa equipe \u00e9 liderada por <b data-path-to-node=\"6,1\" data-index-in-node=\"28\">Ricardo dos Santos<\/b>, advogado com mais de 10 anos de experi\u00eancia pela OAB, com atua\u00e7\u00e3o sediada na Avenida Paulista. Ao seu lado est\u00e1 <b data-path-to-node=\"6,1\" data-index-in-node=\"179\">Felipe Xavier<\/b>, especialista respons\u00e1vel pelos procedimentos administrativos e tecnol\u00f3gicos. Mentorado por um Auditor Fiscal aposentado da Receita Federal, Felipe traz rigor t\u00e9cnico e agilidade aos processos, atuando tamb\u00e9m em parceria com o escrit\u00f3rio Ben\u00edcio Advogados e Associados desde 2022.\n\t\t\t<h2>\n\t\t\t\t\tPorque nos escolher\n\t\t\t\t<\/h2>\n\t\t\t<p>At\u00e9 hoje, mais de cem aposentados\/pensionistas receberam nosso apoio. Tamb\u00e9m prestamos servi\u00e7os para outros escrit\u00f3rios de advocacia e contabilidade.\u00a0<\/p>\n\t\t\t<h6>\n\t\t\t\t\t.01\n\t\t\t\t<\/h6>\n\t\t\t<h5>\n\t\t\t\t\tTranspar\u00eancia\n\t\t\t\t<\/h5>\n\t\t\t<p>Acreditamos que com transpar\u00eancia e honestidade continuaremos evoluindo para oferecer atendimento que todo cliente merece.<\/p>\n\t\t\t<h6>\n\t\t\t\t\t.02\n\t\t\t\t<\/h6>\n\t\t\t<h5>\n\t\t\t\t\tComprometimento\n\t\t\t\t<\/h5>\n\t\t\t<p>Para atender com qualidade dentro dos prazos estabelecidos, trabalhamos com muita aten\u00e7\u00e3o em todas as etapas do nosso trabalho.<\/p>\n\t\t\t<h6>\n\t\t\t\t\t.03\n\t\t\t\t<\/h6>\n\t\t\t<h5>\n\t\t\t\t\tInova\u00e7\u00e3o\n\t\t\t\t<\/h5>\n\t\t\t<p>Estamos atentos \u00e0s novidades do mercado para assegurar que nosso servi\u00e7o seja feito com todas as atuais tecnologias acess\u00edveis.<\/p>\n\t\t\t<h6>\n\t\t\t\t\t.04\n\t\t\t\t<\/h6>\n\t\t\t<h5>\n\t\t\t\t\tAgilidade Processual\n\t\t\t\t<\/h5>\n\t\t\t<p>Analisamos o melhor caminho para o seu caso. Sempre que poss\u00edvel, priorizamos a via administrativa para que sua isen\u00e7\u00e3o e restitui\u00e7\u00e3o saiam mais r\u00e1pido.<\/p>\n\t\t\t<h6>\n\t\t\t\t\t.05\n\t\t\t\t<\/h6>\n\t\t\t<h5>\n\t\t\t\t\tAtendimento Humanizado\n\t\t\t\t<\/h5>\n\t\t\t<p>Sabemos que por tr\u00e1s de cada processo existe uma hist\u00f3ria de luta contra uma doen\u00e7a. Tratamos cada cliente com o respeito, acolhimento e a dignidade que merece.<\/p>\n\n","protected":false},"excerpt":{"rendered":"<p>Sobre N\u00f3s Curta Hist\u00f3ria Ricardo e Felipe Fundado em 2020 na cidade de S\u00e3o Paulo, o escrit\u00f3rio Santos &amp; Xavier nasceu com o prop\u00f3sito de garantir os direitos de aposentados e pensionistas portadores de mol\u00e9stias graves. Idealizado em meio \u00e0 pandemia, nosso atendimento foi estruturado utilizando os canais digitais oficiais da Receita Federal, das Fontes &hellip;<\/p>\n<p class=\"read-more\"> <a class=\"\" href=\"https:\/\/santosexavier.com.br\/?page_id=296\"> <span class=\"screen-reader-text\">About<\/span> Leia mais &raquo;<\/a><\/p>\n","protected":false},"author":1,"featured_media":0,"parent":0,"menu_order":0,"comment_status":"closed","ping_status":"closed","template":"","meta":{"om_disable_all_campaigns":false,"site-sidebar-layout":"no-sidebar","site-content-layout":"page-builder","ast-global-header-display":"","ast-banner-title-visibility":"","ast-main-header-display":"","ast-hfb-above-header-display":"","ast-hfb-below-header-display":"","ast-hfb-mobile-header-display":"","site-post-title":"disabled","ast-breadcrumbs-content":"","ast-featured-img":"disabled","footer-sml-layout":"","theme-transparent-header-meta":"enabled","adv-header-id-meta":"","stick-header-meta":"","header-above-stick-meta":"","header-main-stick-meta":"","header-below-stick-meta":"","footnotes":""},"class_list":["post-296","page","type-page","status-publish","hentry"],"aioseo_notices":[],"_links":{"self":[{"href":"https:\/\/santosexavier.com.br\/index.php?rest_route=\/wp\/v2\/pages\/296","targetHints":{"allow":["GET"]}}],"collection":[{"href":"https:\/\/santosexavier.com.br\/index.php?rest_route=\/wp\/v2\/pages"}],"about":[{"href":"https:\/\/santosexavier.com.br\/index.php?rest_route=\/wp\/v2\/types\/page"}],"author":[{"embeddable":true,"href":"https:\/\/santosexavier.com.br\/index.php?rest_route=\/wp\/v2\/users\/1"}],"replies":[{"embeddable":true,"href":"https:\/\/santosexavier.com.br\/index.php?rest_route=%2Fwp%2Fv2%2Fcomments&post=296"}],"version-history":[{"count":16,"href":"https:\/\/santosexavier.com.br\/index.php?rest_route=\/wp\/v2\/pages\/296\/revisions"}],"predecessor-version":[{"id":1103,"href":"https:\/\/santosexavier.com.br\/index.php?rest_route=\/wp\/v2\/pages\/296\/revisions\/1103"}],"wp:attachment":[{"href":"https:\/\/santosexavier.com.br\/index.php?rest_route=%2Fwp%2Fv2%2Fmedia&parent=296"}],"curies":[{"name":"wp","href":"https:\/\/api.w.org\/{rel}","templated":true}]}}