{"id":10,"date":"2019-02-25T12:40:05","date_gmt":"2019-02-25T12:40:05","guid":{"rendered":"https:\/\/santosexavier.com.br\/?page_id=10"},"modified":"2025-08-14T19:32:31","modified_gmt":"2025-08-14T22:32:31","slug":"contact","status":"publish","type":"page","link":"https:\/\/santosexavier.com.br\/?page_id=10","title":{"rendered":"Contact"},"content":{"rendered":"\n\n\t\t\t<h1>\n\t\t\t\t\tFale Conosco\n\t\t\t\t<\/h1>\n\t\t\t<h6>\n\t\t\t\t\tVamos tomar um caf\u00e9\n\t\t\t\t<\/h6>\n\t\t\t<h2>\n\t\t\t\t\tVenha at\u00e9 n\u00f3s ou se preferir iremos at\u00e9 voc\u00ea!\n\t\t\t\t<\/h2>\n\t\t\t\t<img decoding=\"async\" src=\"http:\/\/santosexavier.com.br\/wp-content\/uploads\/2019\/04\/email-filled-closed-envelope-1.png\" alt=\"email-filled-closed-envelope.png\" itemprop=\"image\"\/>\n\t\t\t<h3>\n\t\t\t\t\tEmail\n\t\t\t\t<\/h3>\n\t\t\t<p>atendimento@santosexavier.com.br<\/p>\n\t\t\t\t<img decoding=\"async\" src=\"http:\/\/santosexavier.com.br\/wp-content\/uploads\/2019\/04\/call-answer-1.png\" alt=\"call-answer.png\" itemprop=\"image\"\/>\n\t\t\t<h3>\n\t\t\t\t\tWhatsApp\n\t\t\t\t<\/h3>\n\t\t\t<p>+55 (11) 977 665 374<\/p>\n\t\t\t\t<img decoding=\"async\" src=\"http:\/\/santosexavier.com.br\/wp-content\/uploads\/2019\/04\/facebook-placeholder-for-locate-places-on-maps-1.png\" alt=\"facebook-placeholder-for-locate-places-on-maps.png\" itemprop=\"image\"\/>\n\t\t\t<h3>\n\t\t\t\t\tEndere\u00e7o\n\t\t\t\t<\/h3>\n\t\t\t<p>Rua Tapari, 158, 1107A<\/p>\n\t\t\t<h6>\n\t\t\t\t\tDeixe sua mensagem\n\t\t\t\t<\/h6>\n\t\t\t<h2>\n\t\t\t\t\tOu se preferir ligamos para voc\u00ea!\n\t\t\t\t<\/h2>\n\t<div class=\"wpforms-container \" id=\"wpforms-875\"><form id=\"wpforms-form-875\" class=\"wpforms-validate wpforms-form\" data-formid=\"875\" method=\"post\" enctype=\"multipart\/form-data\" action=\"\/index.php?rest_route=%2Fwp%2Fv2%2Fpages%2F10\" data-token=\"218df77bcbc9b556ba2868b2e367991d\" data-token-time=\"1776704203\"><noscript class=\"wpforms-error-noscript\">Ative o JavaScript no seu navegador para preencher este formul\u00e1rio.<\/noscript><div class=\"wpforms-field-container\"><div id=\"wpforms-875-field_0-container\" class=\"wpforms-field wpforms-field-name\" data-field-id=\"0\"><label class=\"wpforms-field-label\" for=\"wpforms-875-field_0\">Seu nome <span class=\"wpforms-required-label\">*<\/span><\/label><input type=\"text\" id=\"wpforms-875-field_0\" class=\"wpforms-field-large wpforms-field-required\" name=\"wpforms[fields][0]\" required><\/div><div id=\"wpforms-875-field_1-container\" class=\"wpforms-field wpforms-field-email\" data-field-id=\"1\"><label class=\"wpforms-field-label\" for=\"wpforms-875-field_1\">Seu email<\/label><input type=\"email\" id=\"wpforms-875-field_1\" class=\"wpforms-field-large\" name=\"wpforms[fields][1]\" spellcheck=\"false\" ><\/div><div id=\"wpforms-875-field_3-container\" class=\"wpforms-field wpforms-field-text\" data-field-id=\"3\"><label class=\"wpforms-field-label\" for=\"wpforms-875-field_3\">Seu n\u00famero de WhatsApp <span class=\"wpforms-required-label\">*<\/span><\/label><input type=\"text\" id=\"wpforms-875-field_3\" class=\"wpforms-field-large wpforms-field-required\" name=\"wpforms[fields][3]\" required><\/div><div id=\"wpforms-875-field_2-container\" class=\"wpforms-field wpforms-field-textarea\" data-field-id=\"2\"><label class=\"wpforms-field-label\" for=\"wpforms-875-field_2\">Digite sua mensagem <span class=\"wpforms-required-label\">*<\/span><\/label><textarea id=\"wpforms-875-field_2\" class=\"wpforms-field-medium wpforms-field-required\" name=\"wpforms[fields][2]\" required><\/textarea><\/div><\/div><!-- .wpforms-field-container --><div class=\"wpforms-field wpforms-field-hp\"><label for=\"wpforms-875-field-hp\" class=\"wpforms-field-label\">Name<\/label><input type=\"text\" name=\"wpforms[hp]\" id=\"wpforms-875-field-hp\" class=\"wpforms-field-medium\"><\/div><div class=\"wpforms-submit-container\" ><input type=\"hidden\" name=\"wpforms[id]\" value=\"875\"><input type=\"hidden\" name=\"page_title\" value=\"\"><input type=\"hidden\" name=\"page_url\" value=\"https:\/\/santosexavier.com.br\/index.php?rest_route=\/wp\/v2\/pages\/10\"><input type=\"hidden\" name=\"url_referer\" value=\"\"><button type=\"submit\" name=\"wpforms[submit]\" id=\"wpforms-submit-875\" class=\"wpforms-submit\" data-alt-text=\"Enviando\" data-submit-text=\"Enviar\" aria-live=\"assertive\" value=\"wpforms-submit\">Enviar<\/button><\/div><\/form><\/div>  <!-- .wpforms-container -->\n\t<!DOCTYPE html>\n<html lang=\"pt-BR\">\n<head>\n    <meta charset=\"UTF-8\"\/>\n    <meta name=\"viewport\" content=\"width=device-width, initial-scale=1.0\"\/>\n    <title>Mapa Responsivo<\/title>\n    <link rel=\"stylesheet\" href=\"style.css\"\/>\n<\/head>\n<body>\n        <iframe src=\"https:\/\/www.google.com\/maps\/embed?pb=!1m18!1m12!1m3!1d3657.2732070851!2d-46.66146122391446!3d-23.55862926149314!2m3!1f0!2f0!3f0!3m2!1i1024!2i768!4f13.1!3m3!1m2!1s0x94ce59cd06117977%3A0x1875f1f5f2204a7!2sAv.%20Paulista%2C%202006%20-%20Cerqueira%20C%C3%A9sar%2C%20S%C3%A3o%20Paulo%20-%20SP%2C%2001310-200!5e0!3m2!1spt-BR!2sbr!4v1755210711840!5m2!1spt-BR!2sbr\" width=\"600\" height=\"450\" allowfullscreen=\"\" loading=\"lazy\" referrerpolicy=\"no-referrer-when-downgrade\"><\/iframe>\n<\/body>\n<\/html>\n\n","protected":false},"excerpt":{"rendered":"<p>Fale Conosco Vamos tomar um caf\u00e9 Venha at\u00e9 n\u00f3s ou se preferir iremos at\u00e9 voc\u00ea! Email atendimento@santosexavier.com.br WhatsApp +55 (11) 977 665 374 Endere\u00e7o Rua Tapari, 158, 1107A Deixe sua mensagem Ou se preferir ligamos para voc\u00ea! Mapa Responsivo<\/p>\n","protected":false},"author":1,"featured_media":0,"parent":0,"menu_order":0,"comment_status":"closed","ping_status":"closed","template":"","meta":{"om_disable_all_campaigns":false,"site-sidebar-layout":"no-sidebar","site-content-layout":"page-builder","ast-global-header-display":"","ast-banner-title-visibility":"","ast-main-header-display":"","ast-hfb-above-header-display":"","ast-hfb-below-header-display":"","ast-hfb-mobile-header-display":"","site-post-title":"disabled","ast-breadcrumbs-content":"","ast-featured-img":"disabled","footer-sml-layout":"","theme-transparent-header-meta":"enabled","adv-header-id-meta":"","stick-header-meta":"","header-above-stick-meta":"","header-main-stick-meta":"","header-below-stick-meta":"","footnotes":""},"class_list":["post-10","page","type-page","status-publish","hentry"],"aioseo_notices":[],"_links":{"self":[{"href":"https:\/\/santosexavier.com.br\/index.php?rest_route=\/wp\/v2\/pages\/10","targetHints":{"allow":["GET"]}}],"collection":[{"href":"https:\/\/santosexavier.com.br\/index.php?rest_route=\/wp\/v2\/pages"}],"about":[{"href":"https:\/\/santosexavier.com.br\/index.php?rest_route=\/wp\/v2\/types\/page"}],"author":[{"embeddable":true,"href":"https:\/\/santosexavier.com.br\/index.php?rest_route=\/wp\/v2\/users\/1"}],"replies":[{"embeddable":true,"href":"https:\/\/santosexavier.com.br\/index.php?rest_route=%2Fwp%2Fv2%2Fcomments&post=10"}],"version-history":[{"count":9,"href":"https:\/\/santosexavier.com.br\/index.php?rest_route=\/wp\/v2\/pages\/10\/revisions"}],"predecessor-version":[{"id":1089,"href":"https:\/\/santosexavier.com.br\/index.php?rest_route=\/wp\/v2\/pages\/10\/revisions\/1089"}],"wp:attachment":[{"href":"https:\/\/santosexavier.com.br\/index.php?rest_route=%2Fwp%2Fv2%2Fmedia&parent=10"}],"curies":[{"name":"wp","href":"https:\/\/api.w.org\/{rel}","templated":true}]}}